{"id":100,"date":"2023-12-19T16:51:01","date_gmt":"2023-12-19T19:51:01","guid":{"rendered":"http:\/\/proyectotango.com.ar\/?page_id=100"},"modified":"2025-10-15T12:34:53","modified_gmt":"2025-10-15T15:34:53","slug":"inicio","status":"publish","type":"page","link":"https:\/\/proyectotango.com.ar\/","title":{"rendered":"Inicio"},"content":{"rendered":"<section><div class=\"container\"><div class=\"row\"><div class=\"wpb_column hcode-column-container vc_col-sm-12 col-xs-mobile-fullwidth\" data-front-class=\"col-xs-mobile-fullwidth\"><div class=\"vc-column-innner-wrapper\"><div class=\"blog-3col product-3\"><div class=\"post-919 post type-post status-publish format-standard has-post-thumbnail hentry category-general tag-roberto-goyeneche\"><div class=\"col-md-4 col-sm-6 col-xs-12 latest-blogs margin-three-bottom sm-margin-bottom-four\"><div class=\"blog-listing no-margin\">\n<div class=\"blog-image\"><img loading=\"lazy\" decoding=\"async\" width=\"540\" height=\"540\" src=\"https:\/\/proyectotango.com.ar\/wp-content\/uploads\/2025\/10\/Estatua-540x540.jpg\" class=\"attachment-08News size-08News wp-post-image\" alt=\"\" srcset=\"https:\/\/proyectotango.com.ar\/wp-content\/uploads\/2025\/10\/Estatua-540x540.jpg 540w, https:\/\/proyectotango.com.ar\/wp-content\/uploads\/2025\/10\/Estatua-150x150.jpg 150w, https:\/\/proyectotango.com.ar\/wp-content\/uploads\/2025\/10\/Estatua-270x270.jpg 270w, https:\/\/proyectotango.com.ar\/wp-content\/uploads\/2025\/10\/Estatua-135x135.jpg 135w\" sizes=\"(max-width: 540px) 100vw, 540px\" \/><div class=\"blog-content xs-text-center hcode-blog-1\"> <!-- #Aca (Box) #Tango (Box) -->\n\n<div class=\"slider-text-middle-main\">\n<div class=\"slider-text-middle\"><span class=\"post-author\"><\/span><a class=\"post-title entry-title\" href=\"https:\/\/proyectotango.com.ar\/?p=919\">El Polaco eterno<\/a><\/div>\n<\/div>\n<\/div>\n<\/div> \n<\/div><\/div><\/div><div class=\"post-949 post type-post status-publish format-standard has-post-thumbnail hentry category-general tag-astor-piazzolla\"><div class=\"col-md-4 col-sm-6 col-xs-12 latest-blogs margin-three-bottom sm-margin-bottom-four\"><div class=\"blog-listing no-margin\">\n<div class=\"blog-image\"><img loading=\"lazy\" decoding=\"async\" width=\"540\" height=\"540\" src=\"https:\/\/proyectotango.com.ar\/wp-content\/uploads\/2025\/11\/Scaled-540x540.jpg\" class=\"attachment-08News size-08News wp-post-image\" alt=\"\" srcset=\"https:\/\/proyectotango.com.ar\/wp-content\/uploads\/2025\/11\/Scaled-540x540.jpg 540w, https:\/\/proyectotango.com.ar\/wp-content\/uploads\/2025\/11\/Scaled-150x150.jpg 150w, https:\/\/proyectotango.com.ar\/wp-content\/uploads\/2025\/11\/Scaled-1080x1080.jpg 1080w, https:\/\/proyectotango.com.ar\/wp-content\/uploads\/2025\/11\/Scaled-980x980.jpg 980w, https:\/\/proyectotango.com.ar\/wp-content\/uploads\/2025\/11\/Scaled-270x270.jpg 270w, https:\/\/proyectotango.com.ar\/wp-content\/uploads\/2025\/11\/Scaled-135x135.jpg 135w\" sizes=\"(max-width: 540px) 100vw, 540px\" \/><div class=\"blog-content xs-text-center hcode-blog-1\"> <!-- #Aca (Box) #Tango (Box) -->\n\n<div class=\"slider-text-middle-main\">\n<div class=\"slider-text-middle\"><span class=\"post-author\"><\/span><a class=\"post-title entry-title\" href=\"https:\/\/proyectotango.com.ar\/?p=949\">Instituto Superior de M\u00fasica \u201cAstor Piazzolla\u201d<\/a><\/div>\n<\/div>\n<\/div>\n<\/div> \n<\/div><\/div><\/div><div class=\"post-925 post type-post status-publish format-standard has-post-thumbnail hentry category-general\"><div class=\"col-md-4 col-sm-6 col-xs-12 latest-blogs margin-three-bottom sm-margin-bottom-four\"><div class=\"blog-listing no-margin\">\n<div class=\"blog-image\"><img loading=\"lazy\" decoding=\"async\" width=\"540\" height=\"540\" src=\"https:\/\/proyectotango.com.ar\/wp-content\/uploads\/2025\/10\/Salud-540x540.avif\" class=\"attachment-08News size-08News wp-post-image\" alt=\"\" srcset=\"https:\/\/proyectotango.com.ar\/wp-content\/uploads\/2025\/10\/Salud-540x540.avif 540w, https:\/\/proyectotango.com.ar\/wp-content\/uploads\/2025\/10\/Salud-150x150.avif 150w, https:\/\/proyectotango.com.ar\/wp-content\/uploads\/2025\/10\/Salud-270x270.avif 270w, https:\/\/proyectotango.com.ar\/wp-content\/uploads\/2025\/10\/Salud-135x135.avif 135w\" sizes=\"(max-width: 540px) 100vw, 540px\" \/><div class=\"blog-content xs-text-center hcode-blog-1\"> <!-- #Aca (Box) #Tango (Box) -->\n\n<div class=\"slider-text-middle-main\">\n<div class=\"slider-text-middle\"><span class=\"post-author\"><\/span><a class=\"post-title entry-title\" href=\"https:\/\/proyectotango.com.ar\/?p=925\">El Tango de los martes<\/a><\/div>\n<\/div>\n<\/div>\n<\/div> \n<\/div><\/div><\/div><div class=\"post-916 post type-post status-publish format-standard has-post-thumbnail hentry category-general tag-roberto-goyeneche\"><div class=\"col-md-4 col-sm-6 col-xs-12 latest-blogs margin-three-bottom sm-margin-bottom-four\"><div class=\"blog-listing no-margin\">\n<div class=\"blog-image\"><img loading=\"lazy\" decoding=\"async\" width=\"540\" height=\"540\" src=\"https:\/\/proyectotango.com.ar\/wp-content\/uploads\/2025\/10\/Goye-540x540.jpeg\" class=\"attachment-08News size-08News wp-post-image\" alt=\"\" srcset=\"https:\/\/proyectotango.com.ar\/wp-content\/uploads\/2025\/10\/Goye-540x540.jpeg 540w, https:\/\/proyectotango.com.ar\/wp-content\/uploads\/2025\/10\/Goye-150x150.jpeg 150w, https:\/\/proyectotango.com.ar\/wp-content\/uploads\/2025\/10\/Goye-270x270.jpeg 270w, https:\/\/proyectotango.com.ar\/wp-content\/uploads\/2025\/10\/Goye-135x135.jpeg 135w\" sizes=\"(max-width: 540px) 100vw, 540px\" \/><div class=\"blog-content xs-text-center hcode-blog-1\"> <!-- #Aca (Box) #Tango (Box) -->\n\n<div class=\"slider-text-middle-main\">\n<div class=\"slider-text-middle\"><span class=\"post-author\"><\/span><a class=\"post-title entry-title\" href=\"https:\/\/proyectotango.com.ar\/?p=916\">Cuatro tango que inmortaliz\u00f3 Roberto Goyeneche<\/a><\/div>\n<\/div>\n<\/div>\n<\/div> \n<\/div><\/div><\/div><div class=\"post-913 post type-post status-publish format-standard has-post-thumbnail hentry category-general tag-adriana-varela tag-roberto-goyeneche\"><div class=\"col-md-4 col-sm-6 col-xs-12 latest-blogs margin-three-bottom sm-margin-bottom-four\"><div class=\"blog-listing no-margin\">\n<div class=\"blog-image\"><img loading=\"lazy\" decoding=\"async\" width=\"540\" height=\"540\" src=\"https:\/\/proyectotango.com.ar\/wp-content\/uploads\/2025\/10\/Varela-540x540.jpg\" class=\"attachment-08News size-08News wp-post-image\" alt=\"\" srcset=\"https:\/\/proyectotango.com.ar\/wp-content\/uploads\/2025\/10\/Varela-540x540.jpg 540w, https:\/\/proyectotango.com.ar\/wp-content\/uploads\/2025\/10\/Varela-150x150.jpg 150w, https:\/\/proyectotango.com.ar\/wp-content\/uploads\/2025\/10\/Varela-270x270.jpg 270w, https:\/\/proyectotango.com.ar\/wp-content\/uploads\/2025\/10\/Varela-135x135.jpg 135w\" sizes=\"(max-width: 540px) 100vw, 540px\" \/><div class=\"blog-content xs-text-center hcode-blog-1\"> <!-- #Aca (Box) #Tango (Box) -->\n\n<div class=\"slider-text-middle-main\">\n<div class=\"slider-text-middle\"><span class=\"post-author\"><\/span><a class=\"post-title entry-title\" href=\"https:\/\/proyectotango.com.ar\/?p=913\">Varela y Goyeneche se conocieron en el Caf\u00e9 Homero<\/a><\/div>\n<\/div>\n<\/div>\n<\/div> \n<\/div><\/div><\/div><div class=\"post-952 post type-post status-publish format-standard has-post-thumbnail hentry category-general\"><div class=\"col-md-4 col-sm-6 col-xs-12 latest-blogs margin-three-bottom sm-margin-bottom-four\"><div class=\"blog-listing no-margin\">\n<div class=\"blog-image\"><img loading=\"lazy\" decoding=\"async\" width=\"540\" height=\"387\" src=\"https:\/\/proyectotango.com.ar\/wp-content\/uploads\/2025\/11\/Sexteto-540x387.jpg\" class=\"attachment-08News size-08News wp-post-image\" alt=\"\" \/><div class=\"blog-content xs-text-center hcode-blog-1\"> <!-- #Aca (Box) #Tango (Box) -->\n\n<div class=\"slider-text-middle-main\">\n<div class=\"slider-text-middle\"><span class=\"post-author\"><\/span><a class=\"post-title entry-title\" href=\"https:\/\/proyectotango.com.ar\/?p=952\">Piazzolla y Mulligan por Jorge Retamoza Sexteto<\/a><\/div>\n<\/div>\n<\/div>\n<\/div> \n<\/div><\/div><\/div><div class=\"post-939 post type-post status-publish format-standard has-post-thumbnail hentry category-general\"><div class=\"col-md-4 col-sm-6 col-xs-12 latest-blogs margin-three-bottom sm-margin-bottom-four\"><div class=\"blog-listing no-margin\">\n<div class=\"blog-image\"><img loading=\"lazy\" decoding=\"async\" width=\"540\" height=\"540\" src=\"https:\/\/proyectotango.com.ar\/wp-content\/uploads\/2025\/11\/Web-540x540.jpg\" class=\"attachment-08News size-08News wp-post-image\" alt=\"\" srcset=\"https:\/\/proyectotango.com.ar\/wp-content\/uploads\/2025\/11\/Web-540x540.jpg 540w, https:\/\/proyectotango.com.ar\/wp-content\/uploads\/2025\/11\/Web-150x150.jpg 150w, https:\/\/proyectotango.com.ar\/wp-content\/uploads\/2025\/11\/Web-270x270.jpg 270w, https:\/\/proyectotango.com.ar\/wp-content\/uploads\/2025\/11\/Web-135x135.jpg 135w\" sizes=\"(max-width: 540px) 100vw, 540px\" \/><div class=\"blog-content xs-text-center hcode-blog-1\"> <!-- #Aca (Box) #Tango (Box) -->\n\n<div class=\"slider-text-middle-main\">\n<div class=\"slider-text-middle\"><span class=\"post-author\"><\/span><a class=\"post-title entry-title\" href=\"https:\/\/proyectotango.com.ar\/?p=939\">Concierto de tango<\/a><\/div>\n<\/div>\n<\/div>\n<\/div> \n<\/div><\/div><\/div><div class=\"post-943 post type-post status-publish format-standard has-post-thumbnail hentry category-general tag-cuarteto-fenix\"><div class=\"col-md-4 col-sm-6 col-xs-12 latest-blogs margin-three-bottom sm-margin-bottom-four\"><div class=\"blog-listing no-margin\">\n<div class=\"blog-image\"><img loading=\"lazy\" decoding=\"async\" width=\"540\" height=\"540\" src=\"https:\/\/proyectotango.com.ar\/wp-content\/uploads\/2025\/11\/Fenix-540x540.jpg\" class=\"attachment-08News size-08News wp-post-image\" alt=\"\" srcset=\"https:\/\/proyectotango.com.ar\/wp-content\/uploads\/2025\/11\/Fenix-540x540.jpg 540w, https:\/\/proyectotango.com.ar\/wp-content\/uploads\/2025\/11\/Fenix-150x150.jpg 150w, https:\/\/proyectotango.com.ar\/wp-content\/uploads\/2025\/11\/Fenix-270x270.jpg 270w, https:\/\/proyectotango.com.ar\/wp-content\/uploads\/2025\/11\/Fenix-135x135.jpg 135w\" sizes=\"(max-width: 540px) 100vw, 540px\" \/><div class=\"blog-content xs-text-center hcode-blog-1\"> <!-- #Aca (Box) #Tango (Box) -->\n\n<div class=\"slider-text-middle-main\">\n<div class=\"slider-text-middle\"><span class=\"post-author\"><\/span><a class=\"post-title entry-title\" href=\"https:\/\/proyectotango.com.ar\/?p=943\">Concierto de c\u00e1mara en la Semana de la Cultura Checa en Buenos Aires<\/a><\/div>\n<\/div>\n<\/div>\n<\/div> \n<\/div><\/div><\/div><div class=\"post-936 post type-post status-publish format-standard has-post-thumbnail hentry category-general\"><div class=\"col-md-4 col-sm-6 col-xs-12 latest-blogs margin-three-bottom sm-margin-bottom-four\"><div class=\"blog-listing no-margin\">\n<div class=\"blog-image\"><img loading=\"lazy\" decoding=\"async\" width=\"540\" height=\"540\" src=\"https:\/\/proyectotango.com.ar\/wp-content\/uploads\/2025\/11\/Milongas-540x540.webp\" class=\"attachment-08News size-08News wp-post-image\" alt=\"\" srcset=\"https:\/\/proyectotango.com.ar\/wp-content\/uploads\/2025\/11\/Milongas-540x540.webp 540w, https:\/\/proyectotango.com.ar\/wp-content\/uploads\/2025\/11\/Milongas-150x150.webp 150w, https:\/\/proyectotango.com.ar\/wp-content\/uploads\/2025\/11\/Milongas-270x270.webp 270w, https:\/\/proyectotango.com.ar\/wp-content\/uploads\/2025\/11\/Milongas-135x135.webp 135w\" sizes=\"(max-width: 540px) 100vw, 540px\" \/><div class=\"blog-content xs-text-center hcode-blog-1\"> <!-- #Aca (Box) #Tango (Box) -->\n\n<div class=\"slider-text-middle-main\">\n<div class=\"slider-text-middle\"><span class=\"post-author\"><\/span><a class=\"post-title entry-title\" href=\"https:\/\/proyectotango.com.ar\/?p=936\">Tangos y milongas en Parque Centenario<\/a><\/div>\n<\/div>\n<\/div>\n<\/div> \n<\/div><\/div><\/div><\/div><\/div><\/div><\/div><\/div><\/section><section><div class=\"container\"><div class=\"row\"><div class=\"wpb_column hcode-column-container text-center sm-text-center xs-text-center vc_col-sm-12 col-xs-mobile-fullwidth\" data-front-class=\"text-center sm-text-center xs-text-center col-xs-mobile-fullwidth\"><div class=\"vc-column-innner-wrapper\"><a href=\"https:\/\/buenosaires.gob.ar\/Movilidad\" target=\"_blank\"><img loading=\"lazy\" decoding=\"async\" width=\"1200\" height=\"90\" src=\"https:\/\/proyectotango.com.ar\/wp-content\/uploads\/2025\/10\/Ads.jpg\" class=\"margin-one-all sm-margin-one-all xs-margin-one-all aligncenter sm-aligncenter xs-aligncenter\" alt=\"\" srcset=\"https:\/\/proyectotango.com.ar\/wp-content\/uploads\/2025\/10\/Ads.jpg 1200w, https:\/\/proyectotango.com.ar\/wp-content\/uploads\/2025\/10\/Ads-300x23.jpg 300w, https:\/\/proyectotango.com.ar\/wp-content\/uploads\/2025\/10\/Ads-1024x77.jpg 1024w, https:\/\/proyectotango.com.ar\/wp-content\/uploads\/2025\/10\/Ads-768x58.jpg 768w, https:\/\/proyectotango.com.ar\/wp-content\/uploads\/2025\/10\/Ads-90x7.jpg 90w\" sizes=\"(max-width: 1200px) 100vw, 1200px\" \/><\/a><\/div><\/div><\/div><\/div><\/section><section><div class=\"container\"><div class=\"row\"><div class=\"wpb_column hcode-column-container text-center sm-text-center xs-text-center vc_col-sm-12 col-xs-mobile-fullwidth\" data-front-class=\"text-center sm-text-center xs-text-center col-xs-mobile-fullwidth\"><div class=\"vc-column-innner-wrapper\">[vc_text_separator title=\"Tangos, historias y personajes porte\u00f1os\" color=\"custom\" accent_color=\"#7cbcd7\"]<div class=\"blog-4col product-4\"><div class=\"post-529 post type-post status-publish format-standard hentry category-letras tag-letras\"><div class=\"col-md-3 col-sm-6 col-xs-12 blog-listing  wow fadeIn\"  data-wow-duration=\"300ms\"><div class=\"blog-details hcode-blog-2\"><div class=\"blog-title entry-title\"><a href=\"https:\/\/proyectotango.com.ar\/?p=529\">Sur<\/a><\/div><div class=\"hcode-blog-excerpt blog-short-description entry-content\"><p>San Juan y Boedo antiguo, y todo el cielo Pompeya y m\u00e1s all\u00e1 la inundaci\u00f3n Tu melena de novia en el recuerdo Y tu nombre flotando en el adi\u00f3s La...<\/p>\n<\/div><div class=\"hcode-blog-separator separator-line bg-black no-margin-lr\"><\/div><\/div><\/div><\/div><div class=\"post-527 post type-post status-publish format-standard hentry category-letras tag-letras\"><div class=\"col-md-3 col-sm-6 col-xs-12 blog-listing  wow fadeIn\"  data-wow-duration=\"600ms\"><div class=\"blog-details hcode-blog-2\"><div class=\"blog-title entry-title\"><a href=\"https:\/\/proyectotango.com.ar\/?p=527\">El D\u00eda Que Me Quieras<\/a><\/div><div class=\"hcode-blog-excerpt blog-short-description entry-content\"><p>Acaricia mi ensue\u00f1o El suave murmullo De tu suspirar Como r\u00ede la vida Si tus ojos negros Me quieren mirar Y si es m\u00edo el amparo De tu risa leve...<\/p>\n<\/div><div class=\"hcode-blog-separator separator-line bg-black no-margin-lr\"><\/div><\/div><\/div><\/div><div class=\"post-525 post type-post status-publish format-standard hentry category-letras tag-letras\"><div class=\"col-md-3 col-sm-6 col-xs-12 blog-listing  wow fadeIn\"  data-wow-duration=\"900ms\"><div class=\"blog-details hcode-blog-2\"><div class=\"blog-title entry-title\"><a href=\"https:\/\/proyectotango.com.ar\/?p=525\">Nostalgias<\/a><\/div><div class=\"hcode-blog-excerpt blog-short-description entry-content\"><p>Quiero emborrachar mi coraz\u00f3n Para apagar un loco amor Que m\u00e1s que amor es un sufrir Y aqu\u00ed vengo para eso Pa' borrar antiguos besos En los besos de otra...<\/p>\n<\/div><div class=\"hcode-blog-separator separator-line bg-black no-margin-lr\"><\/div><\/div><\/div><\/div><div class=\"post-523 post type-post status-publish format-standard hentry category-letras tag-letras\"><div class=\"col-md-3 col-sm-6 col-xs-12 blog-listing  wow fadeIn\"  data-wow-duration=\"1200ms\"><div class=\"blog-details hcode-blog-2\"><div class=\"blog-title entry-title\"><a href=\"https:\/\/proyectotango.com.ar\/?p=523\">Uno<\/a><\/div><div class=\"hcode-blog-excerpt blog-short-description entry-content\"><p>Uno busca lleno de esperanzasEl camino que los sue\u00f1os prometieron a sus ansiasSabe que la lucha es cruel y es muchaPero lucha y se desangra por la fe que lo...<\/p>\n<\/div><div class=\"hcode-blog-separator separator-line bg-black no-margin-lr\"><\/div><\/div><\/div><\/div><\/div><\/div><\/div><\/div><\/div><\/section>","protected":false},"excerpt":{"rendered":"<p>Uno busca lleno de esperanzasEl camino que los sue\u00f1os prometieron a sus ansiasSabe que la lucha es cruel y es muchaPero lucha y se desangra por la fe que lo empecina Uno va arrastr\u00e1ndose entre espinasY en su af\u00e1n de dar su amorSufre y se destroza hasta entenderQue uno se qued\u00f3 sin coraz\u00f3n Precio de [&hellip;]<\/p>\n","protected":false},"author":1,"featured_media":69,"parent":0,"menu_order":0,"comment_status":"closed","ping_status":"closed","template":"","meta":{"footnotes":""},"yoast_head":"<!-- This site is optimized with the Yoast SEO plugin v21.7 - https:\/\/yoast.com\/wordpress\/plugins\/seo\/ -->\n<title>Inicio - Proyecto Tango<\/title>\n<meta name=\"robots\" content=\"index, follow, max-snippet:-1, max-image-preview:large, max-video-preview:-1\" \/>\n<link rel=\"canonical\" href=\"https:\/\/proyectotango.com.ar\/\" \/>\n<meta property=\"og:locale\" content=\"es_ES\" \/>\n<meta property=\"og:type\" content=\"article\" \/>\n<meta property=\"og:title\" content=\"Inicio - Proyecto Tango\" \/>\n<meta property=\"og:description\" content=\"Uno busca lleno de esperanzasEl camino que los sue\u00f1os prometieron a sus ansiasSabe que la lucha es cruel y es muchaPero lucha y se desangra por la fe que lo empecina Uno va arrastr\u00e1ndose entre espinasY en su af\u00e1n de dar su amorSufre y se destroza hasta entenderQue uno se qued\u00f3 sin coraz\u00f3n Precio de [&hellip;]\" \/>\n<meta property=\"og:url\" content=\"https:\/\/proyectotango.com.ar\/\" \/>\n<meta property=\"og:site_name\" content=\"Proyecto Tango\" \/>\n<meta property=\"article:modified_time\" content=\"2025-10-15T15:34:53+00:00\" \/>\n<meta property=\"og:image\" content=\"https:\/\/proyectotango.com.ar\/wp-content\/uploads\/2023\/12\/Tango-1-1.png\" \/>\n\t<meta property=\"og:image:width\" content=\"512\" \/>\n\t<meta property=\"og:image:height\" content=\"512\" \/>\n\t<meta property=\"og:image:type\" content=\"image\/png\" \/>\n<meta name=\"twitter:card\" content=\"summary_large_image\" \/>\n<meta name=\"twitter:label1\" content=\"Est. reading time\" \/>\n\t<meta name=\"twitter:data1\" content=\"1 minuto\" \/>\n<script type=\"application\/ld+json\" class=\"yoast-schema-graph\">{\"@context\":\"https:\/\/schema.org\",\"@graph\":[{\"@type\":\"WebPage\",\"@id\":\"https:\/\/proyectotango.com.ar\/\",\"url\":\"https:\/\/proyectotango.com.ar\/\",\"name\":\"Inicio - Proyecto Tango\",\"isPartOf\":{\"@id\":\"https:\/\/proyectotango.com.ar\/#website\"},\"datePublished\":\"2023-12-19T19:51:01+00:00\",\"dateModified\":\"2025-10-15T15:34:53+00:00\",\"breadcrumb\":{\"@id\":\"https:\/\/proyectotango.com.ar\/#breadcrumb\"},\"inLanguage\":\"es-AR\",\"potentialAction\":[{\"@type\":\"ReadAction\",\"target\":[\"https:\/\/proyectotango.com.ar\/\"]}]},{\"@type\":\"BreadcrumbList\",\"@id\":\"https:\/\/proyectotango.com.ar\/#breadcrumb\",\"itemListElement\":[{\"@type\":\"ListItem\",\"position\":1,\"name\":\"Home\",\"item\":\"https:\/\/proyectotango.com.ar\/\"},{\"@type\":\"ListItem\",\"position\":2,\"name\":\"Inicio\"}]},{\"@type\":\"WebSite\",\"@id\":\"https:\/\/proyectotango.com.ar\/#website\",\"url\":\"https:\/\/proyectotango.com.ar\/\",\"name\":\"Proyecto Tango\",\"description\":\"\",\"potentialAction\":[{\"@type\":\"SearchAction\",\"target\":{\"@type\":\"EntryPoint\",\"urlTemplate\":\"https:\/\/proyectotango.com.ar\/?s={search_term_string}\"},\"query-input\":\"required name=search_term_string\"}],\"inLanguage\":\"es-AR\"}]}<\/script>\n<!-- \/ Yoast SEO plugin. -->","yoast_head_json":{"title":"Inicio - Proyecto Tango","robots":{"index":"index","follow":"follow","max-snippet":"max-snippet:-1","max-image-preview":"max-image-preview:large","max-video-preview":"max-video-preview:-1"},"canonical":"https:\/\/proyectotango.com.ar\/","og_locale":"es_ES","og_type":"article","og_title":"Inicio - Proyecto Tango","og_description":"Uno busca lleno de esperanzasEl camino que los sue\u00f1os prometieron a sus ansiasSabe que la lucha es cruel y es muchaPero lucha y se desangra por la fe que lo empecina Uno va arrastr\u00e1ndose entre espinasY en su af\u00e1n de dar su amorSufre y se destroza hasta entenderQue uno se qued\u00f3 sin coraz\u00f3n Precio de [&hellip;]","og_url":"https:\/\/proyectotango.com.ar\/","og_site_name":"Proyecto Tango","article_modified_time":"2025-10-15T15:34:53+00:00","og_image":[{"width":512,"height":512,"url":"https:\/\/proyectotango.com.ar\/wp-content\/uploads\/2023\/12\/Tango-1-1.png","type":"image\/png"}],"twitter_card":"summary_large_image","twitter_misc":{"Est. reading time":"1 minuto"},"schema":{"@context":"https:\/\/schema.org","@graph":[{"@type":"WebPage","@id":"https:\/\/proyectotango.com.ar\/","url":"https:\/\/proyectotango.com.ar\/","name":"Inicio - Proyecto Tango","isPartOf":{"@id":"https:\/\/proyectotango.com.ar\/#website"},"datePublished":"2023-12-19T19:51:01+00:00","dateModified":"2025-10-15T15:34:53+00:00","breadcrumb":{"@id":"https:\/\/proyectotango.com.ar\/#breadcrumb"},"inLanguage":"es-AR","potentialAction":[{"@type":"ReadAction","target":["https:\/\/proyectotango.com.ar\/"]}]},{"@type":"BreadcrumbList","@id":"https:\/\/proyectotango.com.ar\/#breadcrumb","itemListElement":[{"@type":"ListItem","position":1,"name":"Home","item":"https:\/\/proyectotango.com.ar\/"},{"@type":"ListItem","position":2,"name":"Inicio"}]},{"@type":"WebSite","@id":"https:\/\/proyectotango.com.ar\/#website","url":"https:\/\/proyectotango.com.ar\/","name":"Proyecto Tango","description":"","potentialAction":[{"@type":"SearchAction","target":{"@type":"EntryPoint","urlTemplate":"https:\/\/proyectotango.com.ar\/?s={search_term_string}"},"query-input":"required name=search_term_string"}],"inLanguage":"es-AR"}]}},"_links":{"self":[{"href":"https:\/\/proyectotango.com.ar\/index.php?rest_route=\/wp\/v2\/pages\/100"}],"collection":[{"href":"https:\/\/proyectotango.com.ar\/index.php?rest_route=\/wp\/v2\/pages"}],"about":[{"href":"https:\/\/proyectotango.com.ar\/index.php?rest_route=\/wp\/v2\/types\/page"}],"author":[{"embeddable":true,"href":"https:\/\/proyectotango.com.ar\/index.php?rest_route=\/wp\/v2\/users\/1"}],"replies":[{"embeddable":true,"href":"https:\/\/proyectotango.com.ar\/index.php?rest_route=%2Fwp%2Fv2%2Fcomments&post=100"}],"version-history":[{"count":16,"href":"https:\/\/proyectotango.com.ar\/index.php?rest_route=\/wp\/v2\/pages\/100\/revisions"}],"predecessor-version":[{"id":892,"href":"https:\/\/proyectotango.com.ar\/index.php?rest_route=\/wp\/v2\/pages\/100\/revisions\/892"}],"wp:featuredmedia":[{"embeddable":true,"href":"https:\/\/proyectotango.com.ar\/index.php?rest_route=\/wp\/v2\/media\/69"}],"wp:attachment":[{"href":"https:\/\/proyectotango.com.ar\/index.php?rest_route=%2Fwp%2Fv2%2Fmedia&parent=100"}],"curies":[{"name":"wp","href":"https:\/\/api.w.org\/{rel}","templated":true}]}}